{"id":5850,"date":"2025-10-01T11:55:56","date_gmt":"2025-10-01T11:55:56","guid":{"rendered":"https:\/\/iamunion.kinex12.com\/meet-the-staff\/"},"modified":"2026-03-17T05:09:57","modified_gmt":"2026-03-17T05:09:57","slug":"rencontrez-lequipe","status":"publish","type":"page","link":"https:\/\/iamunion.kinex12.com\/fr\/rencontrez-lequipe\/","title":{"rendered":"Rencontrez l\u2019\u00e9quipe"},"content":{"rendered":"<p>Notre \u00e9quipe travaille partout au Canada pour offrir des conseils, du soutien et des services de repr\u00e9sentation \u00e0 ses membres dans tous les secteurs.<\/p>\n","protected":false},"excerpt":{"rendered":"<p>Notre \u00e9quipe travaille partout au Canada pour offrir des conseils, du soutien et des services de repr\u00e9sentation \u00e0 ses membres dans tous les secteurs.<\/p>\n","protected":false},"author":1,"featured_media":5658,"parent":0,"menu_order":0,"comment_status":"closed","ping_status":"closed","template":"meet-the-staff.php","meta":{"_acf_changed":false,"footnotes":""},"class_list":["post-5850","page","type-page","status-publish","has-post-thumbnail","hentry"],"acf":[],"_links":{"self":[{"href":"https:\/\/iamunion.kinex12.com\/fr\/wp-json\/wp\/v2\/pages\/5850","targetHints":{"allow":["GET"]}}],"collection":[{"href":"https:\/\/iamunion.kinex12.com\/fr\/wp-json\/wp\/v2\/pages"}],"about":[{"href":"https:\/\/iamunion.kinex12.com\/fr\/wp-json\/wp\/v2\/types\/page"}],"author":[{"embeddable":true,"href":"https:\/\/iamunion.kinex12.com\/fr\/wp-json\/wp\/v2\/users\/1"}],"replies":[{"embeddable":true,"href":"https:\/\/iamunion.kinex12.com\/fr\/wp-json\/wp\/v2\/comments?post=5850"}],"version-history":[{"count":0,"href":"https:\/\/iamunion.kinex12.com\/fr\/wp-json\/wp\/v2\/pages\/5850\/revisions"}],"wp:featuredmedia":[{"embeddable":true,"href":"https:\/\/iamunion.kinex12.com\/fr\/wp-json\/wp\/v2\/media\/5658"}],"wp:attachment":[{"href":"https:\/\/iamunion.kinex12.com\/fr\/wp-json\/wp\/v2\/media?parent=5850"}],"curies":[{"name":"wp","href":"https:\/\/api.w.org\/{rel}","templated":true}]}}