{"id":6785,"date":"2025-09-29T09:47:37","date_gmt":"2025-09-29T09:47:37","guid":{"rendered":"https:\/\/iamunion.kinex12.com\/terms-of-service\/"},"modified":"2026-01-23T09:51:09","modified_gmt":"2026-01-23T09:51:09","slug":"conditions-dutilisation","status":"publish","type":"page","link":"https:\/\/iamunion.kinex12.com\/fr\/conditions-dutilisation\/","title":{"rendered":"Conditions d\u2019utilisation"},"content":{"rendered":"<h2 class=\"primary-heading\">1. Acceptation des conditions<\/h2>\n<p>En acc\u00e9dant au site Web de l&rsquo;IAM Union ou en l&rsquo;utilisant, vous acceptez de vous conformer aux pr\u00e9sentes conditions d&rsquo;utilisation et d&rsquo;\u00eatre li\u00e9 par celles-ci. Si vous n&rsquo;acceptez pas ces conditions, veuillez ne pas utiliser ce site web.<\/p>\n<h2 class=\"primary-heading\">2. Utilisation du site Web<\/h2>\n<p>Vous pouvez utiliser ce site Web uniquement \u00e0 des fins licites et conform\u00e9ment aux pr\u00e9sentes conditions d&rsquo;utilisation. Vous vous engagez \u00e0 ne pas\u00a0:<\/p>\n<ul>\n<li>Enfreindre les lois et r\u00e8glements applicables.<\/li>\n<li>Tenter de perturber la s\u00e9curit\u00e9 ou le fonctionnement du site.<\/li>\n<li>Transmettre tout contenu nuisible ou malveillant.<\/li>\n<\/ul>\n<h2 class=\"primary-heading\">3.  Propri\u00e9t\u00e9 intellectuelle<\/h2>\n<p>Tout le contenu de ce site Web, y compris les textes, les graphiques, les logos et les images, est la propri\u00e9t\u00e9 de l&rsquo;IAM Union ou de ses conc\u00e9dants de licence et est prot\u00e9g\u00e9 par les lois sur le droit d&rsquo;auteur. Vous n&rsquo;\u00eates pas autoris\u00e9 \u00e0 copier, reproduire ou distribuer ce contenu sans autorisation \u00e9crite. <\/p>\n<h2 class=\"primary-heading\">4. Liens vers des sites tiers<\/h2>\n<p>Ce site Web peut contenir des liens vers des sites Web tiers. Ces liens sont fournis \u00e0 titre indicatif. L&rsquo;IAM Union n&rsquo;est pas responsable du contenu, des pratiques de confidentialit\u00e9 ni des services des sites Web tiers. Si vous avez des questions concernant ces sites Web tiers, veuillez les adresser directement \u00e0 ces derniers.<\/p>\n<h2 class=\"primary-heading\">5. Limitation de la responsabilit\u00e9<\/h2>\n<p>L&rsquo;IAM Union fournit ce site Web \u00ab\u00a0tel quel\u00a0\u00bb. Nous ne garantissons pas que le site sera exempt d&rsquo;erreurs ou accessible sans interruption. L&rsquo;IAM Union n&rsquo;est pas responsable des dommages r\u00e9sultant de votre utilisation du site.<\/p>\n<h2 class=\"primary-heading\">6. Modifications aux conditions d&rsquo;utilisation<\/h2>\n<p>Nous pouvons mettre \u00e0 jour ces conditions d&rsquo;utilisation \u00e0 tout moment. Les modifications entreront en vigueur imm\u00e9diatement apr\u00e8s leur publication. Votre utilisation continue du site vaut acceptation des conditions d&rsquo;utilisation r\u00e9vis\u00e9es.<\/p>\n<h2 class=\"primary-heading\">7. Droit applicable<\/h2>\n<p>Les pr\u00e9sentes conditions sont r\u00e9gies par les lois du Canada et de la province dans laquelle le syndicat IAM exerce ses activit\u00e9s.<\/p>\n","protected":false},"excerpt":{"rendered":"<p>1. Acceptation des conditions En acc\u00e9dant au site Web de l&rsquo;IAM Union ou en l&rsquo;utilisant, vous acceptez de vous conformer aux pr\u00e9sentes conditions d&rsquo;utilisation et d&rsquo;\u00eatre li\u00e9 par celles-ci. Si vous n&rsquo;acceptez pas ces conditions, veuillez ne pas utiliser ce site web. 2. Utilisation du site Web Vous pouvez utiliser ce site Web uniquement \u00e0 [&hellip;]<\/p>\n","protected":false},"author":1,"featured_media":5454,"parent":0,"menu_order":0,"comment_status":"closed","ping_status":"closed","template":"terms-conditions.php","meta":{"_acf_changed":false,"footnotes":""},"class_list":["post-6785","page","type-page","status-publish","has-post-thumbnail","hentry"],"acf":[],"_links":{"self":[{"href":"https:\/\/iamunion.kinex12.com\/fr\/wp-json\/wp\/v2\/pages\/6785","targetHints":{"allow":["GET"]}}],"collection":[{"href":"https:\/\/iamunion.kinex12.com\/fr\/wp-json\/wp\/v2\/pages"}],"about":[{"href":"https:\/\/iamunion.kinex12.com\/fr\/wp-json\/wp\/v2\/types\/page"}],"author":[{"embeddable":true,"href":"https:\/\/iamunion.kinex12.com\/fr\/wp-json\/wp\/v2\/users\/1"}],"replies":[{"embeddable":true,"href":"https:\/\/iamunion.kinex12.com\/fr\/wp-json\/wp\/v2\/comments?post=6785"}],"version-history":[{"count":0,"href":"https:\/\/iamunion.kinex12.com\/fr\/wp-json\/wp\/v2\/pages\/6785\/revisions"}],"wp:featuredmedia":[{"embeddable":true,"href":"https:\/\/iamunion.kinex12.com\/fr\/wp-json\/wp\/v2\/media\/5454"}],"wp:attachment":[{"href":"https:\/\/iamunion.kinex12.com\/fr\/wp-json\/wp\/v2\/media?parent=6785"}],"curies":[{"name":"wp","href":"https:\/\/api.w.org\/{rel}","templated":true}]}}